{"id":1005,"date":"2024-04-01T09:01:37","date_gmt":"2024-04-01T09:01:37","guid":{"rendered":"https:\/\/comabrasil.com.br\/novodiretorio?page_id=1005"},"modified":"2024-08-19T09:18:55","modified_gmt":"2024-08-19T09:18:55","slug":"conta","status":"publish","type":"page","link":"https:\/\/comabrasil.com.br\/novodiretorio\/conta\/","title":{"rendered":"Conta"},"content":{"rendered":"\t\t<div data-elementor-type=\"wp-page\" data-elementor-id=\"1005\" class=\"elementor elementor-1005\" data-elementor-post-type=\"page\">\n\t\t\t\t<div class=\"elementor-element elementor-element-3b42787 e-flex e-con-boxed wpr-particle-no wpr-jarallax-no wpr-parallax-no wpr-sticky-section-no e-con e-parent\" data-id=\"3b42787\" data-element_type=\"container\" data-settings=\"{&quot;background_background&quot;:&quot;classic&quot;}\">\n\t\t\t\t\t<div class=\"e-con-inner\">\n\t\t\t\t<div class=\"elementor-element elementor-element-200ccae e-my-account-tabs-vertical elementor-widget elementor-widget-woocommerce-my-account\" data-id=\"200ccae\" data-element_type=\"widget\" data-widget_type=\"woocommerce-my-account.default\">\n\t\t\t\t<div class=\"elementor-widget-container\">\n\t\t\t\t\t<div class=\"e-my-account-tab e-my-account-tab__ \">\t\t\t<div class=\"woocommerce\"><\/div>\t\t<\/div>\n\t\t\t\t\t\t<\/div>\n\t\t\t\t<\/div>\n\t\t\t\t\t<\/div>\n\t\t\t\t<\/div>\n\t\t\t\t<\/div>\n\t\t","protected":false},"excerpt":{"rendered":"<p>Painel Pedidos Downloads Endere\u00e7o Detalhes da conta Sair Ol\u00e1, admin (n\u00e3o \u00e9 admin? Sair) A partir do painel de controle de sua conta, voc\u00ea pode ver suas compras recentes, gerenciar seus endere\u00e7o de faturamento, e editar sua senha e detalhes da conta.<\/p>\n","protected":false},"author":1,"featured_media":0,"parent":0,"menu_order":0,"comment_status":"closed","ping_status":"closed","template":"elementor_header_footer","meta":{"footnotes":""},"class_list":["post-1005","page","type-page","status-publish","hentry"],"yoast_head":"<!-- This site is optimized with the Yoast SEO plugin v26.9 - https:\/\/yoast.com\/product\/yoast-seo-wordpress\/ -->\n<title>Conta - comabrasil.com<\/title>\n<meta name=\"robots\" content=\"index, follow, max-snippet:-1, max-image-preview:large, max-video-preview:-1\" \/>\n<link rel=\"canonical\" href=\"https:\/\/comabrasil.com.br\/novodiretorio\/conta\/\" \/>\n<meta property=\"og:locale\" content=\"pt_BR\" \/>\n<meta property=\"og:type\" content=\"article\" \/>\n<meta property=\"og:title\" content=\"Conta - comabrasil.com\" \/>\n<meta property=\"og:description\" content=\"Painel Pedidos Downloads Endere\u00e7o Detalhes da conta Sair Ol\u00e1, admin (n\u00e3o \u00e9 admin? Sair) A partir do painel de controle de sua conta, voc\u00ea pode ver suas compras recentes, gerenciar seus endere\u00e7o de faturamento, e editar sua senha e detalhes da conta.\" \/>\n<meta property=\"og:url\" content=\"https:\/\/comabrasil.com.br\/novodiretorio\/conta\/\" \/>\n<meta property=\"og:site_name\" content=\"comabrasil.com\" \/>\n<meta property=\"article:modified_time\" content=\"2024-08-19T09:18:55+00:00\" \/>\n<meta name=\"twitter:card\" content=\"summary_large_image\" \/>\n<script type=\"application\/ld+json\" class=\"yoast-schema-graph\">{\"@context\":\"https:\/\/schema.org\",\"@graph\":[{\"@type\":\"WebPage\",\"@id\":\"https:\/\/comabrasil.com.br\/novodiretorio\/conta\/\",\"url\":\"https:\/\/comabrasil.com.br\/novodiretorio\/conta\/\",\"name\":\"Conta - comabrasil.com\",\"isPartOf\":{\"@id\":\"https:\/\/comabrasil.com.br\/novodiretorio\/#website\"},\"datePublished\":\"2024-04-01T09:01:37+00:00\",\"dateModified\":\"2024-08-19T09:18:55+00:00\",\"breadcrumb\":{\"@id\":\"https:\/\/comabrasil.com.br\/novodiretorio\/conta\/#breadcrumb\"},\"inLanguage\":\"pt-BR\",\"potentialAction\":[{\"@type\":\"ReadAction\",\"target\":[\"https:\/\/comabrasil.com.br\/novodiretorio\/conta\/\"]}]},{\"@type\":\"BreadcrumbList\",\"@id\":\"https:\/\/comabrasil.com.br\/novodiretorio\/conta\/#breadcrumb\",\"itemListElement\":[{\"@type\":\"ListItem\",\"position\":1,\"name\":\"In\u00edcio\",\"item\":\"https:\/\/comabrasil.com.br\/novodiretorio\/\"},{\"@type\":\"ListItem\",\"position\":2,\"name\":\"Conta\"}]},{\"@type\":\"WebSite\",\"@id\":\"https:\/\/comabrasil.com.br\/novodiretorio\/#website\",\"url\":\"https:\/\/comabrasil.com.br\/novodiretorio\/\",\"name\":\"comabrasil.com\",\"description\":\"Comerci\u00e1rios Associados do Brasil\",\"publisher\":{\"@id\":\"https:\/\/comabrasil.com.br\/novodiretorio\/#organization\"},\"potentialAction\":[{\"@type\":\"SearchAction\",\"target\":{\"@type\":\"EntryPoint\",\"urlTemplate\":\"https:\/\/comabrasil.com.br\/novodiretorio\/?s={search_term_string}\"},\"query-input\":{\"@type\":\"PropertyValueSpecification\",\"valueRequired\":true,\"valueName\":\"search_term_string\"}}],\"inLanguage\":\"pt-BR\"},{\"@type\":\"Organization\",\"@id\":\"https:\/\/comabrasil.com.br\/novodiretorio\/#organization\",\"name\":\"comabrasil.com\",\"url\":\"https:\/\/comabrasil.com.br\/novodiretorio\/\",\"logo\":{\"@type\":\"ImageObject\",\"inLanguage\":\"pt-BR\",\"@id\":\"https:\/\/comabrasil.com.br\/novodiretorio\/#\/schema\/logo\/image\/\",\"url\":\"https:\/\/comabrasil.com.br\/novodiretorio\/wp-content\/uploads\/2024\/12\/comabra-logo-.png\",\"contentUrl\":\"https:\/\/comabrasil.com.br\/novodiretorio\/wp-content\/uploads\/2024\/12\/comabra-logo-.png\",\"width\":939,\"height\":216,\"caption\":\"comabrasil.com\"},\"image\":{\"@id\":\"https:\/\/comabrasil.com.br\/novodiretorio\/#\/schema\/logo\/image\/\"}}]}<\/script>\n<!-- \/ Yoast SEO plugin. -->","yoast_head_json":{"title":"Conta - comabrasil.com","robots":{"index":"index","follow":"follow","max-snippet":"max-snippet:-1","max-image-preview":"max-image-preview:large","max-video-preview":"max-video-preview:-1"},"canonical":"https:\/\/comabrasil.com.br\/novodiretorio\/conta\/","og_locale":"pt_BR","og_type":"article","og_title":"Conta - comabrasil.com","og_description":"Painel Pedidos Downloads Endere\u00e7o Detalhes da conta Sair Ol\u00e1, admin (n\u00e3o \u00e9 admin? Sair) A partir do painel de controle de sua conta, voc\u00ea pode ver suas compras recentes, gerenciar seus endere\u00e7o de faturamento, e editar sua senha e detalhes da conta.","og_url":"https:\/\/comabrasil.com.br\/novodiretorio\/conta\/","og_site_name":"comabrasil.com","article_modified_time":"2024-08-19T09:18:55+00:00","twitter_card":"summary_large_image","schema":{"@context":"https:\/\/schema.org","@graph":[{"@type":"WebPage","@id":"https:\/\/comabrasil.com.br\/novodiretorio\/conta\/","url":"https:\/\/comabrasil.com.br\/novodiretorio\/conta\/","name":"Conta - comabrasil.com","isPartOf":{"@id":"https:\/\/comabrasil.com.br\/novodiretorio\/#website"},"datePublished":"2024-04-01T09:01:37+00:00","dateModified":"2024-08-19T09:18:55+00:00","breadcrumb":{"@id":"https:\/\/comabrasil.com.br\/novodiretorio\/conta\/#breadcrumb"},"inLanguage":"pt-BR","potentialAction":[{"@type":"ReadAction","target":["https:\/\/comabrasil.com.br\/novodiretorio\/conta\/"]}]},{"@type":"BreadcrumbList","@id":"https:\/\/comabrasil.com.br\/novodiretorio\/conta\/#breadcrumb","itemListElement":[{"@type":"ListItem","position":1,"name":"In\u00edcio","item":"https:\/\/comabrasil.com.br\/novodiretorio\/"},{"@type":"ListItem","position":2,"name":"Conta"}]},{"@type":"WebSite","@id":"https:\/\/comabrasil.com.br\/novodiretorio\/#website","url":"https:\/\/comabrasil.com.br\/novodiretorio\/","name":"comabrasil.com","description":"Comerci\u00e1rios Associados do Brasil","publisher":{"@id":"https:\/\/comabrasil.com.br\/novodiretorio\/#organization"},"potentialAction":[{"@type":"SearchAction","target":{"@type":"EntryPoint","urlTemplate":"https:\/\/comabrasil.com.br\/novodiretorio\/?s={search_term_string}"},"query-input":{"@type":"PropertyValueSpecification","valueRequired":true,"valueName":"search_term_string"}}],"inLanguage":"pt-BR"},{"@type":"Organization","@id":"https:\/\/comabrasil.com.br\/novodiretorio\/#organization","name":"comabrasil.com","url":"https:\/\/comabrasil.com.br\/novodiretorio\/","logo":{"@type":"ImageObject","inLanguage":"pt-BR","@id":"https:\/\/comabrasil.com.br\/novodiretorio\/#\/schema\/logo\/image\/","url":"https:\/\/comabrasil.com.br\/novodiretorio\/wp-content\/uploads\/2024\/12\/comabra-logo-.png","contentUrl":"https:\/\/comabrasil.com.br\/novodiretorio\/wp-content\/uploads\/2024\/12\/comabra-logo-.png","width":939,"height":216,"caption":"comabrasil.com"},"image":{"@id":"https:\/\/comabrasil.com.br\/novodiretorio\/#\/schema\/logo\/image\/"}}]}},"_links":{"self":[{"href":"https:\/\/comabrasil.com.br\/novodiretorio\/wp-json\/wp\/v2\/pages\/1005","targetHints":{"allow":["GET"]}}],"collection":[{"href":"https:\/\/comabrasil.com.br\/novodiretorio\/wp-json\/wp\/v2\/pages"}],"about":[{"href":"https:\/\/comabrasil.com.br\/novodiretorio\/wp-json\/wp\/v2\/types\/page"}],"author":[{"embeddable":true,"href":"https:\/\/comabrasil.com.br\/novodiretorio\/wp-json\/wp\/v2\/users\/1"}],"replies":[{"embeddable":true,"href":"https:\/\/comabrasil.com.br\/novodiretorio\/wp-json\/wp\/v2\/comments?post=1005"}],"version-history":[{"count":61,"href":"https:\/\/comabrasil.com.br\/novodiretorio\/wp-json\/wp\/v2\/pages\/1005\/revisions"}],"predecessor-version":[{"id":1664,"href":"https:\/\/comabrasil.com.br\/novodiretorio\/wp-json\/wp\/v2\/pages\/1005\/revisions\/1664"}],"wp:attachment":[{"href":"https:\/\/comabrasil.com.br\/novodiretorio\/wp-json\/wp\/v2\/media?parent=1005"}],"curies":[{"name":"wp","href":"https:\/\/api.w.org\/{rel}","templated":true}]}}