{"id":1008,"date":"2024-04-01T09:02:07","date_gmt":"2024-04-01T09:02:07","guid":{"rendered":"https:\/\/comabrasil.com.br\/novodiretorio?page_id=1008"},"modified":"2024-12-02T21:38:40","modified_gmt":"2024-12-02T21:38:40","slug":"finalizacao","status":"publish","type":"page","link":"https:\/\/comabrasil.com.br\/novodiretorio\/finalizacao\/","title":{"rendered":"Finalizacao"},"content":{"rendered":"\t\t<div data-elementor-type=\"wp-page\" data-elementor-id=\"1008\" class=\"elementor elementor-1008\" data-elementor-post-type=\"page\">\n\t\t\t\t<div class=\"elementor-element elementor-element-c888bcf e-flex e-con-boxed wpr-particle-no wpr-jarallax-no wpr-parallax-no wpr-sticky-section-no e-con e-parent\" data-id=\"c888bcf\" data-element_type=\"container\" data-settings=\"{&quot;background_background&quot;:&quot;classic&quot;}\">\n\t\t\t\t\t<div class=\"e-con-inner\">\n\t\t<div class=\"elementor-element elementor-element-9af1197 e-con-full e-flex wpr-particle-no wpr-jarallax-no wpr-parallax-no wpr-sticky-section-no e-con e-child\" data-id=\"9af1197\" data-element_type=\"container\">\n\t\t\t\t<div class=\"elementor-element elementor-element-18875d1 elementor-widget elementor-widget-image\" data-id=\"18875d1\" data-element_type=\"widget\" data-widget_type=\"image.default\">\n\t\t\t\t<div class=\"elementor-widget-container\">\n\t\t\t\t\t\t\t\t\t\t\t\t\t\t\t\t<a href=\"https:\/\/comabrasil.com.br\/novodiretorio\/\">\n\t\t\t\t\t\t\t<img decoding=\"async\" width=\"213\" height=\"24\" src=\"https:\/\/comabrasil.com.br\/novodiretorio\/wp-content\/uploads\/2024\/03\/logotipo-comabra.png\" class=\"attachment-large size-large wp-image-1107\" alt=\"\" \/>\t\t\t\t\t\t\t\t<\/a>\n\t\t\t\t\t\t\t\t\t\t\t\t\t\t\t<\/div>\n\t\t\t\t<\/div>\n\t\t\t\t<div class=\"elementor-element elementor-element-483144c elementor-align-center elementor-list-item-link-full_width elementor-widget elementor-widget-icon-list\" data-id=\"483144c\" data-element_type=\"widget\" data-widget_type=\"icon-list.default\">\n\t\t\t\t<div class=\"elementor-widget-container\">\n\t\t\t\t\t\t\t<ul class=\"elementor-icon-list-items\">\n\t\t\t\t\t\t\t<li class=\"elementor-icon-list-item\">\n\t\t\t\t\t\t\t\t\t\t\t<span class=\"elementor-icon-list-icon\">\n\t\t\t\t\t\t\t<svg aria-hidden=\"true\" class=\"e-font-icon-svg e-fas-user-lock\" viewBox=\"0 0 640 512\" xmlns=\"http:\/\/www.w3.org\/2000\/svg\"><path d=\"M224 256A128 128 0 1 0 96 128a128 128 0 0 0 128 128zm96 64a63.08 63.08 0 0 1 8.1-30.5c-4.8-.5-9.5-1.5-14.5-1.5h-16.7a174.08 174.08 0 0 1-145.8 0h-16.7A134.43 134.43 0 0 0 0 422.4V464a48 48 0 0 0 48 48h280.9a63.54 63.54 0 0 1-8.9-32zm288-32h-32v-80a80 80 0 0 0-160 0v80h-32a32 32 0 0 0-32 32v160a32 32 0 0 0 32 32h224a32 32 0 0 0 32-32V320a32 32 0 0 0-32-32zM496 432a32 32 0 1 1 32-32 32 32 0 0 1-32 32zm32-144h-64v-80a32 32 0 0 1 64 0z\"><\/path><\/svg>\t\t\t\t\t\t<\/span>\n\t\t\t\t\t\t\t\t\t\t<span class=\"elementor-icon-list-text\">Checkout Seguro<\/span>\n\t\t\t\t\t\t\t\t\t<\/li>\n\t\t\t\t\t\t\t\t<li class=\"elementor-icon-list-item\">\n\t\t\t\t\t\t\t\t\t\t\t<span class=\"elementor-icon-list-icon\">\n\t\t\t\t\t\t\t<svg aria-hidden=\"true\" class=\"e-font-icon-svg e-fas-lock\" viewBox=\"0 0 448 512\" xmlns=\"http:\/\/www.w3.org\/2000\/svg\"><path d=\"M400 224h-24v-72C376 68.2 307.8 0 224 0S72 68.2 72 152v72H48c-26.5 0-48 21.5-48 48v192c0 26.5 21.5 48 48 48h352c26.5 0 48-21.5 48-48V272c0-26.5-21.5-48-48-48zm-104 0H152v-72c0-39.7 32.3-72 72-72s72 32.3 72 72v72z\"><\/path><\/svg>\t\t\t\t\t\t<\/span>\n\t\t\t\t\t\t\t\t\t\t<span class=\"elementor-icon-list-text\">SSL Ativo<\/span>\n\t\t\t\t\t\t\t\t\t<\/li>\n\t\t\t\t\t\t\t\t<li class=\"elementor-icon-list-item\">\n\t\t\t\t\t\t\t\t\t\t\t<span class=\"elementor-icon-list-icon\">\n\t\t\t\t\t\t\t<svg aria-hidden=\"true\" class=\"e-font-icon-svg e-fas-shopping-cart\" viewBox=\"0 0 576 512\" xmlns=\"http:\/\/www.w3.org\/2000\/svg\"><path d=\"M528.12 301.319l47.273-208C578.806 78.301 567.391 64 551.99 64H159.208l-9.166-44.81C147.758 8.021 137.93 0 126.529 0H24C10.745 0 0 10.745 0 24v16c0 13.255 10.745 24 24 24h69.883l70.248 343.435C147.325 417.1 136 435.222 136 456c0 30.928 25.072 56 56 56s56-25.072 56-56c0-15.674-6.447-29.835-16.824-40h209.647C430.447 426.165 424 440.326 424 456c0 30.928 25.072 56 56 56s56-25.072 56-56c0-22.172-12.888-41.332-31.579-50.405l5.517-24.276c3.413-15.018-8.002-29.319-23.403-29.319H218.117l-6.545-32h293.145c11.206 0 20.92-7.754 23.403-18.681z\"><\/path><\/svg>\t\t\t\t\t\t<\/span>\n\t\t\t\t\t\t\t\t\t\t<span class=\"elementor-icon-list-text\">Pagamento por Cart\u00e3o<\/span>\n\t\t\t\t\t\t\t\t\t<\/li>\n\t\t\t\t\t\t<\/ul>\n\t\t\t\t\t\t<\/div>\n\t\t\t\t<\/div>\n\t\t\t\t<\/div>\n\t\t\t\t\t<\/div>\n\t\t\t\t<\/div>\n\t\t<div class=\"elementor-element elementor-element-3288294 e-flex e-con-boxed wpr-particle-no wpr-jarallax-no wpr-parallax-no wpr-sticky-section-no e-con e-parent\" data-id=\"3288294\" data-element_type=\"container\">\n\t\t\t\t\t<div class=\"e-con-inner\">\n\t\t\t\t<div class=\"elementor-element elementor-element-6c25ff2 elementor-widget__width-initial e-checkout-layout-one-column elementor-widget elementor-widget-woocommerce-checkout-page\" data-id=\"6c25ff2\" data-element_type=\"widget\" data-widget_type=\"woocommerce-checkout-page.default\">\n\t\t\t\t<div class=\"elementor-widget-container\">\n\t\t\t\t\t<div class=\"woocommerce\"><\/div>\t\t\t\t<\/div>\n\t\t\t\t<\/div>\n\t\t\t\t\t<\/div>\n\t\t\t\t<\/div>\n\t\t\t\t<\/div>\n\t\t","protected":false},"excerpt":{"rendered":"<p>Checkout Seguro SSL Ativo Pagamento por Cart\u00e3o Suas Informa\u00e7\u00f5es Nome * Sobrenome * CPF&nbsp;* RG * Data de Nascimento * CEP * Endere\u00e7o * N\u00famero * Complemento Cidade * Estado&nbsp;*Selecione uma op\u00e7\u00e3o&hellip;AcreAlagoasAmap\u00e1AmazonasBahiaCear\u00e1Distrito FederalEsp\u00edrito SantoGoi\u00e1sMaranh\u00e3oMato GrossoMato Grosso do SulMinas GeraisPar\u00e1Para\u00edbaParan\u00e1PernambucoPiau\u00edRio de JaneiroRio Grande do NorteRio Grande do SulRond\u00f4niaRoraimaSanta CatarinaS\u00e3o PauloSergipeTocantins n\u00famero de telefone&nbsp;* Email * Notas do pedido Sua Compra Produto Subtotal Plano Odontol\u00f3gico- Sem Ortod\u00f4ntica&nbsp; &times;&nbsp;1 &#82;&#36;&nbsp;2,00 Subtotal &#82;&#36;&nbsp;2,00 Total &#82;&#36;&nbsp;2,00 Cart\u00e3o de Cr\u00e9dito via PagBank Titular do Cart\u00e3o&nbsp;* N\u00famero do cart\u00e3o&nbsp;* Validade (MM\/AA)&nbsp;* C\u00f3digo do cart\u00e3o&nbsp;* Parcelas&nbsp;* 1x de R$ 2.00 (sem juros) O valor de &#082;&#036;&nbsp;2,00 ser\u00e1 cobrado mensalmente. Seu navegador n\u00e3o suporta JavaScript ou ele est\u00e1 desativado. Certifique-se de clicar no bot\u00e3o Atualizar totais antes de finalizar o seu pedido. Voc\u00ea poder\u00e1 ser cobrado mais do que a quantidade indicada acima, se n\u00e3o fizer isso. Atualizar Os seus dados pessoais ser\u00e3o utilizados para processar a sua encomenda, para melhorar a sua experi\u00eancia em toda a loja e para os prop\u00f3sitos descritos na nossa pol\u00edtica de privacidade. Finalizar pedido<\/p>\n","protected":false},"author":1,"featured_media":0,"parent":0,"menu_order":0,"comment_status":"closed","ping_status":"closed","template":"elementor_canvas","meta":{"footnotes":""},"class_list":["post-1008","page","type-page","status-publish","hentry"],"yoast_head":"<!-- This site is optimized with the Yoast SEO plugin v26.9 - https:\/\/yoast.com\/product\/yoast-seo-wordpress\/ -->\n<title>Finalizacao - comabrasil.com<\/title>\n<meta name=\"robots\" content=\"index, follow, max-snippet:-1, max-image-preview:large, max-video-preview:-1\" \/>\n<link rel=\"canonical\" href=\"https:\/\/comabrasil.com.br\/novodiretorio\/finalizacao\/\" \/>\n<meta property=\"og:locale\" content=\"pt_BR\" \/>\n<meta property=\"og:type\" content=\"article\" \/>\n<meta property=\"og:title\" content=\"Finalizacao - comabrasil.com\" \/>\n<meta property=\"og:description\" content=\"Checkout Seguro SSL Ativo Pagamento por Cart\u00e3o Suas Informa\u00e7\u00f5es Nome * Sobrenome * CPF&nbsp;* RG * Data de Nascimento * CEP * Endere\u00e7o * N\u00famero * Complemento Cidade * Estado&nbsp;*Selecione uma op\u00e7\u00e3o&hellip;AcreAlagoasAmap\u00e1AmazonasBahiaCear\u00e1Distrito FederalEsp\u00edrito SantoGoi\u00e1sMaranh\u00e3oMato GrossoMato Grosso do SulMinas GeraisPar\u00e1Para\u00edbaParan\u00e1PernambucoPiau\u00edRio de JaneiroRio Grande do NorteRio Grande do SulRond\u00f4niaRoraimaSanta CatarinaS\u00e3o PauloSergipeTocantins n\u00famero de telefone&nbsp;* Email * Notas do pedido Sua Compra Produto Subtotal Plano Odontol\u00f3gico- Sem Ortod\u00f4ntica&nbsp; &times;&nbsp;1 &#082;&#036;&nbsp;2,00 Subtotal &#082;&#036;&nbsp;2,00 Total &#082;&#036;&nbsp;2,00 Cart\u00e3o de Cr\u00e9dito via PagBank Titular do Cart\u00e3o&nbsp;* N\u00famero do cart\u00e3o&nbsp;* Validade (MM\/AA)&nbsp;* C\u00f3digo do cart\u00e3o&nbsp;* Parcelas&nbsp;* 1x de R$ 2.00 (sem juros) O valor de &#082;&#036;&nbsp;2,00 ser\u00e1 cobrado mensalmente. Seu navegador n\u00e3o suporta JavaScript ou ele est\u00e1 desativado. Certifique-se de clicar no bot\u00e3o Atualizar totais antes de finalizar o seu pedido. Voc\u00ea poder\u00e1 ser cobrado mais do que a quantidade indicada acima, se n\u00e3o fizer isso. Atualizar Os seus dados pessoais ser\u00e3o utilizados para processar a sua encomenda, para melhorar a sua experi\u00eancia em toda a loja e para os prop\u00f3sitos descritos na nossa pol\u00edtica de privacidade. Finalizar pedido\" \/>\n<meta property=\"og:url\" content=\"https:\/\/comabrasil.com.br\/novodiretorio\/finalizacao\/\" \/>\n<meta property=\"og:site_name\" content=\"comabrasil.com\" \/>\n<meta property=\"article:modified_time\" content=\"2024-12-02T21:38:40+00:00\" \/>\n<meta property=\"og:image\" content=\"https:\/\/comabrasil.com.br\/novodiretorio\/wp-content\/uploads\/2024\/03\/logotipo-comabra.png\" \/>\n\t<meta property=\"og:image:width\" content=\"213\" \/>\n\t<meta property=\"og:image:height\" content=\"24\" \/>\n\t<meta property=\"og:image:type\" content=\"image\/png\" \/>\n<meta name=\"twitter:card\" content=\"summary_large_image\" \/>\n<meta name=\"twitter:label1\" content=\"Est. tempo de leitura\" \/>\n\t<meta name=\"twitter:data1\" content=\"1 minuto\" \/>\n<script type=\"application\/ld+json\" class=\"yoast-schema-graph\">{\"@context\":\"https:\/\/schema.org\",\"@graph\":[{\"@type\":\"WebPage\",\"@id\":\"https:\/\/comabrasil.com.br\/novodiretorio\/finalizacao\/\",\"url\":\"https:\/\/comabrasil.com.br\/novodiretorio\/finalizacao\/\",\"name\":\"Finalizacao - comabrasil.com\",\"isPartOf\":{\"@id\":\"https:\/\/comabrasil.com.br\/novodiretorio\/#website\"},\"primaryImageOfPage\":{\"@id\":\"https:\/\/comabrasil.com.br\/novodiretorio\/finalizacao\/#primaryimage\"},\"image\":{\"@id\":\"https:\/\/comabrasil.com.br\/novodiretorio\/finalizacao\/#primaryimage\"},\"thumbnailUrl\":\"https:\/\/comabrasil.com.br\/novodiretorio\/wp-content\/uploads\/2024\/03\/logotipo-comabra.png\",\"datePublished\":\"2024-04-01T09:02:07+00:00\",\"dateModified\":\"2024-12-02T21:38:40+00:00\",\"breadcrumb\":{\"@id\":\"https:\/\/comabrasil.com.br\/novodiretorio\/finalizacao\/#breadcrumb\"},\"inLanguage\":\"pt-BR\",\"potentialAction\":[{\"@type\":\"ReadAction\",\"target\":[\"https:\/\/comabrasil.com.br\/novodiretorio\/finalizacao\/\"]}]},{\"@type\":\"ImageObject\",\"inLanguage\":\"pt-BR\",\"@id\":\"https:\/\/comabrasil.com.br\/novodiretorio\/finalizacao\/#primaryimage\",\"url\":\"https:\/\/comabrasil.com.br\/novodiretorio\/wp-content\/uploads\/2024\/03\/logotipo-comabra.png\",\"contentUrl\":\"https:\/\/comabrasil.com.br\/novodiretorio\/wp-content\/uploads\/2024\/03\/logotipo-comabra.png\",\"width\":213,\"height\":24},{\"@type\":\"BreadcrumbList\",\"@id\":\"https:\/\/comabrasil.com.br\/novodiretorio\/finalizacao\/#breadcrumb\",\"itemListElement\":[{\"@type\":\"ListItem\",\"position\":1,\"name\":\"In\u00edcio\",\"item\":\"https:\/\/comabrasil.com.br\/novodiretorio\/\"},{\"@type\":\"ListItem\",\"position\":2,\"name\":\"Finalizacao\"}]},{\"@type\":\"WebSite\",\"@id\":\"https:\/\/comabrasil.com.br\/novodiretorio\/#website\",\"url\":\"https:\/\/comabrasil.com.br\/novodiretorio\/\",\"name\":\"comabrasil.com\",\"description\":\"Comerci\u00e1rios Associados do Brasil\",\"publisher\":{\"@id\":\"https:\/\/comabrasil.com.br\/novodiretorio\/#organization\"},\"potentialAction\":[{\"@type\":\"SearchAction\",\"target\":{\"@type\":\"EntryPoint\",\"urlTemplate\":\"https:\/\/comabrasil.com.br\/novodiretorio\/?s={search_term_string}\"},\"query-input\":{\"@type\":\"PropertyValueSpecification\",\"valueRequired\":true,\"valueName\":\"search_term_string\"}}],\"inLanguage\":\"pt-BR\"},{\"@type\":\"Organization\",\"@id\":\"https:\/\/comabrasil.com.br\/novodiretorio\/#organization\",\"name\":\"comabrasil.com\",\"url\":\"https:\/\/comabrasil.com.br\/novodiretorio\/\",\"logo\":{\"@type\":\"ImageObject\",\"inLanguage\":\"pt-BR\",\"@id\":\"https:\/\/comabrasil.com.br\/novodiretorio\/#\/schema\/logo\/image\/\",\"url\":\"https:\/\/comabrasil.com.br\/novodiretorio\/wp-content\/uploads\/2024\/12\/comabra-logo-.png\",\"contentUrl\":\"https:\/\/comabrasil.com.br\/novodiretorio\/wp-content\/uploads\/2024\/12\/comabra-logo-.png\",\"width\":939,\"height\":216,\"caption\":\"comabrasil.com\"},\"image\":{\"@id\":\"https:\/\/comabrasil.com.br\/novodiretorio\/#\/schema\/logo\/image\/\"}}]}<\/script>\n<!-- \/ Yoast SEO plugin. -->","yoast_head_json":{"title":"Finalizacao - comabrasil.com","robots":{"index":"index","follow":"follow","max-snippet":"max-snippet:-1","max-image-preview":"max-image-preview:large","max-video-preview":"max-video-preview:-1"},"canonical":"https:\/\/comabrasil.com.br\/novodiretorio\/finalizacao\/","og_locale":"pt_BR","og_type":"article","og_title":"Finalizacao - comabrasil.com","og_description":"Checkout Seguro SSL Ativo Pagamento por Cart\u00e3o Suas Informa\u00e7\u00f5es Nome * Sobrenome * CPF&nbsp;* RG * Data de Nascimento * CEP * Endere\u00e7o * N\u00famero * Complemento Cidade * Estado&nbsp;*Selecione uma op\u00e7\u00e3o&hellip;AcreAlagoasAmap\u00e1AmazonasBahiaCear\u00e1Distrito FederalEsp\u00edrito SantoGoi\u00e1sMaranh\u00e3oMato GrossoMato Grosso do SulMinas GeraisPar\u00e1Para\u00edbaParan\u00e1PernambucoPiau\u00edRio de JaneiroRio Grande do NorteRio Grande do SulRond\u00f4niaRoraimaSanta CatarinaS\u00e3o PauloSergipeTocantins n\u00famero de telefone&nbsp;* Email * Notas do pedido Sua Compra Produto Subtotal Plano Odontol\u00f3gico- Sem Ortod\u00f4ntica&nbsp; &times;&nbsp;1 &#82;&#36;&nbsp;2,00 Subtotal &#82;&#36;&nbsp;2,00 Total &#82;&#36;&nbsp;2,00 Cart\u00e3o de Cr\u00e9dito via PagBank Titular do Cart\u00e3o&nbsp;* N\u00famero do cart\u00e3o&nbsp;* Validade (MM\/AA)&nbsp;* C\u00f3digo do cart\u00e3o&nbsp;* Parcelas&nbsp;* 1x de R$ 2.00 (sem juros) O valor de &#082;&#036;&nbsp;2,00 ser\u00e1 cobrado mensalmente. Seu navegador n\u00e3o suporta JavaScript ou ele est\u00e1 desativado. Certifique-se de clicar no bot\u00e3o Atualizar totais antes de finalizar o seu pedido. Voc\u00ea poder\u00e1 ser cobrado mais do que a quantidade indicada acima, se n\u00e3o fizer isso. Atualizar Os seus dados pessoais ser\u00e3o utilizados para processar a sua encomenda, para melhorar a sua experi\u00eancia em toda a loja e para os prop\u00f3sitos descritos na nossa pol\u00edtica de privacidade. Finalizar pedido","og_url":"https:\/\/comabrasil.com.br\/novodiretorio\/finalizacao\/","og_site_name":"comabrasil.com","article_modified_time":"2024-12-02T21:38:40+00:00","og_image":[{"width":213,"height":24,"url":"https:\/\/comabrasil.com.br\/novodiretorio\/wp-content\/uploads\/2024\/03\/logotipo-comabra.png","type":"image\/png"}],"twitter_card":"summary_large_image","twitter_misc":{"Est. tempo de leitura":"1 minuto"},"schema":{"@context":"https:\/\/schema.org","@graph":[{"@type":"WebPage","@id":"https:\/\/comabrasil.com.br\/novodiretorio\/finalizacao\/","url":"https:\/\/comabrasil.com.br\/novodiretorio\/finalizacao\/","name":"Finalizacao - comabrasil.com","isPartOf":{"@id":"https:\/\/comabrasil.com.br\/novodiretorio\/#website"},"primaryImageOfPage":{"@id":"https:\/\/comabrasil.com.br\/novodiretorio\/finalizacao\/#primaryimage"},"image":{"@id":"https:\/\/comabrasil.com.br\/novodiretorio\/finalizacao\/#primaryimage"},"thumbnailUrl":"https:\/\/comabrasil.com.br\/novodiretorio\/wp-content\/uploads\/2024\/03\/logotipo-comabra.png","datePublished":"2024-04-01T09:02:07+00:00","dateModified":"2024-12-02T21:38:40+00:00","breadcrumb":{"@id":"https:\/\/comabrasil.com.br\/novodiretorio\/finalizacao\/#breadcrumb"},"inLanguage":"pt-BR","potentialAction":[{"@type":"ReadAction","target":["https:\/\/comabrasil.com.br\/novodiretorio\/finalizacao\/"]}]},{"@type":"ImageObject","inLanguage":"pt-BR","@id":"https:\/\/comabrasil.com.br\/novodiretorio\/finalizacao\/#primaryimage","url":"https:\/\/comabrasil.com.br\/novodiretorio\/wp-content\/uploads\/2024\/03\/logotipo-comabra.png","contentUrl":"https:\/\/comabrasil.com.br\/novodiretorio\/wp-content\/uploads\/2024\/03\/logotipo-comabra.png","width":213,"height":24},{"@type":"BreadcrumbList","@id":"https:\/\/comabrasil.com.br\/novodiretorio\/finalizacao\/#breadcrumb","itemListElement":[{"@type":"ListItem","position":1,"name":"In\u00edcio","item":"https:\/\/comabrasil.com.br\/novodiretorio\/"},{"@type":"ListItem","position":2,"name":"Finalizacao"}]},{"@type":"WebSite","@id":"https:\/\/comabrasil.com.br\/novodiretorio\/#website","url":"https:\/\/comabrasil.com.br\/novodiretorio\/","name":"comabrasil.com","description":"Comerci\u00e1rios Associados do Brasil","publisher":{"@id":"https:\/\/comabrasil.com.br\/novodiretorio\/#organization"},"potentialAction":[{"@type":"SearchAction","target":{"@type":"EntryPoint","urlTemplate":"https:\/\/comabrasil.com.br\/novodiretorio\/?s={search_term_string}"},"query-input":{"@type":"PropertyValueSpecification","valueRequired":true,"valueName":"search_term_string"}}],"inLanguage":"pt-BR"},{"@type":"Organization","@id":"https:\/\/comabrasil.com.br\/novodiretorio\/#organization","name":"comabrasil.com","url":"https:\/\/comabrasil.com.br\/novodiretorio\/","logo":{"@type":"ImageObject","inLanguage":"pt-BR","@id":"https:\/\/comabrasil.com.br\/novodiretorio\/#\/schema\/logo\/image\/","url":"https:\/\/comabrasil.com.br\/novodiretorio\/wp-content\/uploads\/2024\/12\/comabra-logo-.png","contentUrl":"https:\/\/comabrasil.com.br\/novodiretorio\/wp-content\/uploads\/2024\/12\/comabra-logo-.png","width":939,"height":216,"caption":"comabrasil.com"},"image":{"@id":"https:\/\/comabrasil.com.br\/novodiretorio\/#\/schema\/logo\/image\/"}}]}},"_links":{"self":[{"href":"https:\/\/comabrasil.com.br\/novodiretorio\/wp-json\/wp\/v2\/pages\/1008","targetHints":{"allow":["GET"]}}],"collection":[{"href":"https:\/\/comabrasil.com.br\/novodiretorio\/wp-json\/wp\/v2\/pages"}],"about":[{"href":"https:\/\/comabrasil.com.br\/novodiretorio\/wp-json\/wp\/v2\/types\/page"}],"author":[{"embeddable":true,"href":"https:\/\/comabrasil.com.br\/novodiretorio\/wp-json\/wp\/v2\/users\/1"}],"replies":[{"embeddable":true,"href":"https:\/\/comabrasil.com.br\/novodiretorio\/wp-json\/wp\/v2\/comments?post=1008"}],"version-history":[{"count":145,"href":"https:\/\/comabrasil.com.br\/novodiretorio\/wp-json\/wp\/v2\/pages\/1008\/revisions"}],"predecessor-version":[{"id":4048,"href":"https:\/\/comabrasil.com.br\/novodiretorio\/wp-json\/wp\/v2\/pages\/1008\/revisions\/4048"}],"wp:attachment":[{"href":"https:\/\/comabrasil.com.br\/novodiretorio\/wp-json\/wp\/v2\/media?parent=1008"}],"curies":[{"name":"wp","href":"https:\/\/api.w.org\/{rel}","templated":true}]}}